{"id":27,"date":"2020-10-15T17:07:52","date_gmt":"2020-10-15T15:07:52","guid":{"rendered":"http:\/\/lesgardiensdujeu.fr\/site\/?page_id=27"},"modified":"2020-10-27T08:40:36","modified_gmt":"2020-10-27T07:40:36","slug":"parrainage","status":"publish","type":"page","link":"https:\/\/www.lesgardiensdujeu.fr\/site\/index.php\/parrainage\/","title":{"rendered":"Parrainage"},"content":{"rendered":"\n<p>Afin d&rsquo;accueillir au mieux toute personne qui d\u00e9sire d\u00e9couvrir notre loisir et nos locaux, nous avons mis en place un syst\u00e8me de parrainage. Afin de vous manifester, nous vous invitons \u00e0:<\/p>\n\n\n\n<ul class=\"wp-block-list\"><li>Vous pr\u00e9senter dans le <a href=\"https:\/\/www.lesgardiensdujeu.fr\/forum\/viewtopic.php?f=4&amp;t=5121&amp;p=68729#p68729\">sujet d\u00e9di\u00e9<\/a> sur notre forum.<\/li><li>Attendre qu&rsquo;un parrain prenne contact avec vous.<\/li><\/ul>\n","protected":false},"excerpt":{"rendered":"<p>Afin d&rsquo;accueillir au mieux toute personne qui d\u00e9sire d\u00e9couvrir notre loisir et nos locaux, nous avons mis en place un syst\u00e8me de parrainage. Afin de vous manifester, nous vous invitons \u00e0: Vous pr\u00e9senter dans le sujet d\u00e9di\u00e9 sur notre forum. Attendre qu&rsquo;un parrain prenne contact avec vous.<\/p>\n","protected":false},"author":1,"featured_media":88,"parent":0,"menu_order":0,"comment_status":"closed","ping_status":"closed","template":"","meta":{"footnotes":""},"class_list":["post-27","page","type-page","status-publish","has-post-thumbnail","hentry","entry"],"_links":{"self":[{"href":"https:\/\/www.lesgardiensdujeu.fr\/site\/index.php\/wp-json\/wp\/v2\/pages\/27","targetHints":{"allow":["GET"]}}],"collection":[{"href":"https:\/\/www.lesgardiensdujeu.fr\/site\/index.php\/wp-json\/wp\/v2\/pages"}],"about":[{"href":"https:\/\/www.lesgardiensdujeu.fr\/site\/index.php\/wp-json\/wp\/v2\/types\/page"}],"author":[{"embeddable":true,"href":"https:\/\/www.lesgardiensdujeu.fr\/site\/index.php\/wp-json\/wp\/v2\/users\/1"}],"replies":[{"embeddable":true,"href":"https:\/\/www.lesgardiensdujeu.fr\/site\/index.php\/wp-json\/wp\/v2\/comments?post=27"}],"version-history":[{"count":2,"href":"https:\/\/www.lesgardiensdujeu.fr\/site\/index.php\/wp-json\/wp\/v2\/pages\/27\/revisions"}],"predecessor-version":[{"id":91,"href":"https:\/\/www.lesgardiensdujeu.fr\/site\/index.php\/wp-json\/wp\/v2\/pages\/27\/revisions\/91"}],"wp:featuredmedia":[{"embeddable":true,"href":"https:\/\/www.lesgardiensdujeu.fr\/site\/index.php\/wp-json\/wp\/v2\/media\/88"}],"wp:attachment":[{"href":"https:\/\/www.lesgardiensdujeu.fr\/site\/index.php\/wp-json\/wp\/v2\/media?parent=27"}],"curies":[{"name":"wp","href":"https:\/\/api.w.org\/{rel}","templated":true}]}}